{"id":6605,"date":"2024-03-04T15:49:48","date_gmt":"2024-03-04T15:49:48","guid":{"rendered":"https:\/\/merveille-nautic.com\/newsletter\/"},"modified":"2024-03-07T08:32:06","modified_gmt":"2024-03-07T08:32:06","slug":"newsletter","status":"publish","type":"page","link":"https:\/\/merveille-nautic.com\/en\/newsletter\/","title":{"rendered":"Newsletter"},"content":{"rendered":"<p>[et_pb_section fb_built=&#8221;1&#8243; disabled_on=&#8221;off|off|off&#8221; _builder_version=&#8221;4.23.4&#8243; _module_preset=&#8221;default&#8221; background_enable_color=&#8221;off&#8221; custom_padding=&#8221;0px||0px||true|false&#8221; da_disable_devices=&#8221;off|off|off&#8221; locked=&#8221;off&#8221; global_colors_info=&#8221;{}&#8221; da_is_popup=&#8221;off&#8221; da_exit_intent=&#8221;off&#8221; da_has_close=&#8221;on&#8221; da_alt_close=&#8221;off&#8221; da_dark_close=&#8221;off&#8221; da_not_modal=&#8221;on&#8221; da_is_singular=&#8221;off&#8221; da_with_loader=&#8221;off&#8221; da_has_shadow=&#8221;on&#8221;][et_pb_row _builder_version=&#8221;4.23.4&#8243; _module_preset=&#8221;default&#8221; width=&#8221;100%&#8221; max_width=&#8221;100%&#8221; custom_padding=&#8221;0px||0px||true|false&#8221; hover_enabled=&#8221;0&#8243; sticky_enabled=&#8221;0&#8243; locked=&#8221;off&#8221;][et_pb_column _builder_version=&#8221;4.23.4&#8243; _module_preset=&#8221;default&#8221; type=&#8221;4_4&#8243;][et_pb_divider _builder_version=&#8221;4.23.4&#8243; _module_preset=&#8221;default&#8221; show_divider=&#8221;off&#8221; title_text=&#8221;Newsletter merveille nautic&#8221; background_image=&#8221;https:\/\/merveille-nautic.com\/wp-content\/uploads\/2024\/03\/Newsletter-merveille-nautic.jpg&#8221; hover_enabled=&#8221;0&#8243; sticky_enabled=&#8221;0&#8243; custom_padding=&#8221;150px||150px||true|false&#8221; background_position=&#8221;bottom_center&#8221; custom_padding_last_edited=&#8221;on|phone&#8221; custom_padding_phone=&#8221;90px||90px||true|false&#8221; custom_padding_tablet=&#8221;150px||150px||true|false&#8221;][\/et_pb_divider][\/et_pb_column][\/et_pb_row][et_pb_row make_equal=&#8221;on&#8221; _builder_version=&#8221;4.23.4&#8243; _module_preset=&#8221;default&#8221; width=&#8221;70%&#8221; custom_padding=&#8221;78px|3%|47px|6%|false|false&#8221; global_colors_info=&#8221;{}&#8221; width_phone=&#8221;90%&#8221; width_last_edited=&#8221;on|phone&#8221; custom_padding_phone=&#8221;55px|0%|10px|0%|false|true&#8221; custom_padding_last_edited=&#8221;on|phone&#8221; width_tablet=&#8221;70%&#8221; custom_padding_tablet=&#8221;78px|3%|47px|6%|false|false&#8221;][et_pb_column type=&#8221;4_4&#8243; _builder_version=&#8221;4.21.2&#8243; _module_preset=&#8221;default&#8221; custom_css_main_element=&#8221;margin:auto;&#8221; global_colors_info=&#8221;{}&#8221;][et_pb_text _builder_version=&#8221;4.23.4&#8243; _module_preset=&#8221;default&#8221; text_font=&#8221;Poppins|600|||||||&#8221; text_text_color=&#8221;#000000&#8243; text_font_size=&#8221;20px&#8221; vertical_offset_tablet=&#8221;0&#8243; horizontal_offset_tablet=&#8221;0&#8243; text_orientation=&#8221;center&#8221; custom_margin=&#8221;||6px||false|false&#8221; custom_padding=&#8221;||||false|false&#8221; custom_padding_tablet=&#8221;&#8221; custom_padding_phone=&#8221;20px||||false|false&#8221; custom_padding_last_edited=&#8221;on|phone&#8221; text_text_color_last_edited=&#8221;off|desktop&#8221; z_index_tablet=&#8221;0&#8243; text_orientation_tablet=&#8221;&#8221; text_orientation_phone=&#8221;center&#8221; text_orientation_last_edited=&#8221;on|phone&#8221; text_text_shadow_horizontal_length_tablet=&#8221;0px&#8221; text_text_shadow_vertical_length_tablet=&#8221;0px&#8221; text_text_shadow_blur_strength_tablet=&#8221;1px&#8221; link_text_shadow_horizontal_length_tablet=&#8221;0px&#8221; link_text_shadow_vertical_length_tablet=&#8221;0px&#8221; link_text_shadow_blur_strength_tablet=&#8221;1px&#8221; ul_text_shadow_horizontal_length_tablet=&#8221;0px&#8221; ul_text_shadow_vertical_length_tablet=&#8221;0px&#8221; ul_text_shadow_blur_strength_tablet=&#8221;1px&#8221; ol_text_shadow_horizontal_length_tablet=&#8221;0px&#8221; ol_text_shadow_vertical_length_tablet=&#8221;0px&#8221; ol_text_shadow_blur_strength_tablet=&#8221;1px&#8221; quote_text_shadow_horizontal_length_tablet=&#8221;0px&#8221; quote_text_shadow_vertical_length_tablet=&#8221;0px&#8221; quote_text_shadow_blur_strength_tablet=&#8221;1px&#8221; header_text_shadow_horizontal_length_tablet=&#8221;0px&#8221; header_text_shadow_vertical_length_tablet=&#8221;0px&#8221; header_text_shadow_blur_strength_tablet=&#8221;1px&#8221; header_2_text_shadow_horizontal_length_tablet=&#8221;0px&#8221; header_2_text_shadow_vertical_length_tablet=&#8221;0px&#8221; header_2_text_shadow_blur_strength_tablet=&#8221;1px&#8221; header_3_text_shadow_horizontal_length_tablet=&#8221;0px&#8221; header_3_text_shadow_vertical_length_tablet=&#8221;0px&#8221; header_3_text_shadow_blur_strength_tablet=&#8221;1px&#8221; header_4_text_shadow_horizontal_length_tablet=&#8221;0px&#8221; header_4_text_shadow_vertical_length_tablet=&#8221;0px&#8221; header_4_text_shadow_blur_strength_tablet=&#8221;1px&#8221; header_5_text_shadow_horizontal_length_tablet=&#8221;0px&#8221; header_5_text_shadow_vertical_length_tablet=&#8221;0px&#8221; header_5_text_shadow_blur_strength_tablet=&#8221;1px&#8221; header_6_text_shadow_horizontal_length_tablet=&#8221;0px&#8221; header_6_text_shadow_vertical_length_tablet=&#8221;0px&#8221; header_6_text_shadow_blur_strength_tablet=&#8221;1px&#8221; box_shadow_horizontal_tablet=&#8221;0px&#8221; box_shadow_vertical_tablet=&#8221;0px&#8221; box_shadow_blur_tablet=&#8221;40px&#8221; box_shadow_spread_tablet=&#8221;0px&#8221; global_colors_info=&#8221;{}&#8221;]<\/p>\n<h1>Newsletter<\/h1>\n<p>[\/et_pb_text][et_pb_text _builder_version=&#8221;4.23.4&#8243; _module_preset=&#8221;default&#8221; text_font=&#8221;|300|||||||&#8221; text_text_color=&#8221;#000000&#8243; vertical_offset_tablet=&#8221;0&#8243; horizontal_offset_tablet=&#8221;0&#8243; text_orientation=&#8221;center&#8221; custom_margin=&#8221;||26px|||&#8221; z_index_tablet=&#8221;0&#8243; text_orientation_tablet=&#8221;&#8221; text_orientation_phone=&#8221;center&#8221; text_orientation_last_edited=&#8221;on|phone&#8221; text_text_shadow_horizontal_length_tablet=&#8221;0px&#8221; text_text_shadow_vertical_length_tablet=&#8221;0px&#8221; text_text_shadow_blur_strength_tablet=&#8221;1px&#8221; link_text_shadow_horizontal_length_tablet=&#8221;0px&#8221; link_text_shadow_vertical_length_tablet=&#8221;0px&#8221; link_text_shadow_blur_strength_tablet=&#8221;1px&#8221; ul_text_shadow_horizontal_length_tablet=&#8221;0px&#8221; ul_text_shadow_vertical_length_tablet=&#8221;0px&#8221; ul_text_shadow_blur_strength_tablet=&#8221;1px&#8221; ol_text_shadow_horizontal_length_tablet=&#8221;0px&#8221; ol_text_shadow_vertical_length_tablet=&#8221;0px&#8221; ol_text_shadow_blur_strength_tablet=&#8221;1px&#8221; quote_text_shadow_horizontal_length_tablet=&#8221;0px&#8221; quote_text_shadow_vertical_length_tablet=&#8221;0px&#8221; quote_text_shadow_blur_strength_tablet=&#8221;1px&#8221; header_text_shadow_horizontal_length_tablet=&#8221;0px&#8221; header_text_shadow_vertical_length_tablet=&#8221;0px&#8221; header_text_shadow_blur_strength_tablet=&#8221;1px&#8221; header_2_text_shadow_horizontal_length_tablet=&#8221;0px&#8221; header_2_text_shadow_vertical_length_tablet=&#8221;0px&#8221; header_2_text_shadow_blur_strength_tablet=&#8221;1px&#8221; header_3_text_shadow_horizontal_length_tablet=&#8221;0px&#8221; header_3_text_shadow_vertical_length_tablet=&#8221;0px&#8221; header_3_text_shadow_blur_strength_tablet=&#8221;1px&#8221; header_4_text_shadow_horizontal_length_tablet=&#8221;0px&#8221; header_4_text_shadow_vertical_length_tablet=&#8221;0px&#8221; header_4_text_shadow_blur_strength_tablet=&#8221;1px&#8221; header_5_text_shadow_horizontal_length_tablet=&#8221;0px&#8221; header_5_text_shadow_vertical_length_tablet=&#8221;0px&#8221; header_5_text_shadow_blur_strength_tablet=&#8221;1px&#8221; header_6_text_shadow_horizontal_length_tablet=&#8221;0px&#8221; header_6_text_shadow_vertical_length_tablet=&#8221;0px&#8221; header_6_text_shadow_blur_strength_tablet=&#8221;1px&#8221; box_shadow_horizontal_tablet=&#8221;0px&#8221; box_shadow_vertical_tablet=&#8221;0px&#8221; box_shadow_blur_tablet=&#8221;40px&#8221; box_shadow_spread_tablet=&#8221;0px&#8221; global_colors_info=&#8221;{}&#8221;]<\/p>\n<p>Join the community of WINDY and MAREX enthusiasts and discover our exclusive news: new boats, available boats, the best opportunities in pre-owned boats, invitations to nautical events, the latest innovations and personalized services.<\/p>\n<p>[\/et_pb_text][et_pb_signup mailchimp_list=&#8221;Merveille Nautic &#8211; Exclusive Dealer Windy &#038; Marex Boats For France &#038; Monaco|ab11e4ebc6&#8243; first_name_field=&#8221;off&#8221; last_name_field=&#8221;off&#8221; use_custom_fields=&#8221;on&#8221; success_message=&#8221;Thank you for registering and for your interest in Merveille Nautic.&#8221; button_text=&#8221;Register&#8221; use_spam_service=&#8221;on&#8221; recaptcha_list=&#8221;Merveille Nautic|Merveille Nautic-0&#8243; _builder_version=&#8221;4.23.4&#8243; _module_preset=&#8221;default&#8221; form_field_text_color=&#8221;#000000&#8243; form_field_custom_padding=&#8221;10px||10px||true|false&#8221; result_message_font=&#8221;Poppins|700|||||||&#8221; result_message_text_color=&#8221;#000000&#8243; result_message_font_size=&#8221;15px&#8221; form_field_text_align=&#8221;center&#8221; form_field_font_size=&#8221;13px&#8221; background_enable_color=&#8221;off&#8221; custom_button=&#8221;on&#8221; button_text_size=&#8221;16px&#8221; button_text_color=&#8221;#FFFFFF&#8221; button_bg_color=&#8221;#216c83&#8243; button_border_width=&#8221;2px&#8221; button_border_color=&#8221;#216c83&#8243; button_use_icon=&#8221;off&#8221; vertical_offset_tablet=&#8221;0&#8243; horizontal_offset_tablet=&#8221;0&#8243; max_width=&#8221;500px&#8221; module_alignment=&#8221;center&#8221; z_index_tablet=&#8221;0&#8243; border_width_all_fields=&#8221;2px&#8221; global_colors_info=&#8221;{}&#8221;][\/et_pb_signup][\/et_pb_column][\/et_pb_row][\/et_pb_section]<\/p>\n","protected":false},"excerpt":{"rendered":"<p>NewsletterJoin the community of WINDY and MAREX enthusiasts and discover our exclusive news: new boats, available boats, the best opportunities in pre-owned boats, invitations to nautical events, the latest innovations and personalized services.<\/p>\n","protected":false},"author":2,"featured_media":0,"parent":0,"menu_order":0,"comment_status":"closed","ping_status":"closed","template":"","meta":{"_et_pb_use_builder":"on","_et_pb_old_content":"<!--more-->\r\n\r\n","_et_gb_content_width":"","footnotes":""},"class_list":["post-6605","page","type-page","status-publish","hentry"],"yoast_head":"<!-- This site is optimized with the Yoast SEO plugin v27.4 - https:\/\/yoast.com\/product\/yoast-seo-wordpress\/ -->\n<title>Newsletter - Merveille Nautic<\/title>\n<meta name=\"description\" content=\"Rejoignez la communaut\u00e9 des passionn\u00e9s de Windy et Marex et suivez toutes nos actualit\u00e9s en avant-premi\u00e8re\" \/>\n<meta name=\"robots\" content=\"index, follow, max-snippet:-1, max-image-preview:large, max-video-preview:-1\" \/>\n<link rel=\"canonical\" href=\"https:\/\/merveille-nautic.com\/newsletter\/\" \/>\n<meta property=\"og:locale\" content=\"en_US\" \/>\n<meta property=\"og:type\" content=\"article\" \/>\n<meta property=\"og:title\" content=\"Newsletter - Merveille Nautic\" \/>\n<meta property=\"og:description\" content=\"Rejoignez la communaut\u00e9 des passionn\u00e9s de Windy et Marex et suivez toutes nos actualit\u00e9s en avant-premi\u00e8re\" \/>\n<meta property=\"og:url\" content=\"https:\/\/merveille-nautic.com\/newsletter\/\" \/>\n<meta property=\"og:site_name\" content=\"Merveille Nautic\" \/>\n<meta property=\"article:modified_time\" content=\"2024-03-07T08:32:06+00:00\" \/>\n<meta name=\"twitter:card\" content=\"summary_large_image\" \/>\n<meta name=\"twitter:label1\" content=\"Est. reading time\" \/>\n\t<meta name=\"twitter:data1\" content=\"1 minute\" \/>\n<script type=\"application\/ld+json\" class=\"yoast-schema-graph\">{\"@context\":\"https:\\\/\\\/schema.org\",\"@graph\":[{\"@type\":\"WebPage\",\"@id\":\"https:\\\/\\\/merveille-nautic.com\\\/newsletter\\\/\",\"url\":\"https:\\\/\\\/merveille-nautic.com\\\/newsletter\\\/\",\"name\":\"Newsletter - Merveille Nautic\",\"isPartOf\":{\"@id\":\"https:\\\/\\\/merveille-nautic.com\\\/#website\"},\"datePublished\":\"2024-03-04T15:49:48+00:00\",\"dateModified\":\"2024-03-07T08:32:06+00:00\",\"description\":\"Rejoignez la communaut\u00e9 des passionn\u00e9s de Windy et Marex et suivez toutes nos actualit\u00e9s en avant-premi\u00e8re\",\"breadcrumb\":{\"@id\":\"https:\\\/\\\/merveille-nautic.com\\\/newsletter\\\/#breadcrumb\"},\"inLanguage\":\"en-US\",\"potentialAction\":[{\"@type\":\"ReadAction\",\"target\":[\"https:\\\/\\\/merveille-nautic.com\\\/newsletter\\\/\"]}]},{\"@type\":\"BreadcrumbList\",\"@id\":\"https:\\\/\\\/merveille-nautic.com\\\/newsletter\\\/#breadcrumb\",\"itemListElement\":[{\"@type\":\"ListItem\",\"position\":1,\"name\":\"Accueil\",\"item\":\"https:\\\/\\\/merveille-nautic.com\\\/\"},{\"@type\":\"ListItem\",\"position\":2,\"name\":\"Newsletter\"}]},{\"@type\":\"WebSite\",\"@id\":\"https:\\\/\\\/merveille-nautic.com\\\/#website\",\"url\":\"https:\\\/\\\/merveille-nautic.com\\\/\",\"name\":\"Merveille Nautic\",\"description\":\"Bateaux Windy\",\"potentialAction\":[{\"@type\":\"SearchAction\",\"target\":{\"@type\":\"EntryPoint\",\"urlTemplate\":\"https:\\\/\\\/merveille-nautic.com\\\/?s={search_term_string}\"},\"query-input\":{\"@type\":\"PropertyValueSpecification\",\"valueRequired\":true,\"valueName\":\"search_term_string\"}}],\"inLanguage\":\"en-US\"}]}<\/script>\n<!-- \/ Yoast SEO plugin. -->","yoast_head_json":{"title":"Newsletter - Merveille Nautic","description":"Rejoignez la communaut\u00e9 des passionn\u00e9s de Windy et Marex et suivez toutes nos actualit\u00e9s en avant-premi\u00e8re","robots":{"index":"index","follow":"follow","max-snippet":"max-snippet:-1","max-image-preview":"max-image-preview:large","max-video-preview":"max-video-preview:-1"},"canonical":"https:\/\/merveille-nautic.com\/newsletter\/","og_locale":"en_US","og_type":"article","og_title":"Newsletter - Merveille Nautic","og_description":"Rejoignez la communaut\u00e9 des passionn\u00e9s de Windy et Marex et suivez toutes nos actualit\u00e9s en avant-premi\u00e8re","og_url":"https:\/\/merveille-nautic.com\/newsletter\/","og_site_name":"Merveille Nautic","article_modified_time":"2024-03-07T08:32:06+00:00","twitter_card":"summary_large_image","twitter_misc":{"Est. reading time":"1 minute"},"schema":{"@context":"https:\/\/schema.org","@graph":[{"@type":"WebPage","@id":"https:\/\/merveille-nautic.com\/newsletter\/","url":"https:\/\/merveille-nautic.com\/newsletter\/","name":"Newsletter - Merveille Nautic","isPartOf":{"@id":"https:\/\/merveille-nautic.com\/#website"},"datePublished":"2024-03-04T15:49:48+00:00","dateModified":"2024-03-07T08:32:06+00:00","description":"Rejoignez la communaut\u00e9 des passionn\u00e9s de Windy et Marex et suivez toutes nos actualit\u00e9s en avant-premi\u00e8re","breadcrumb":{"@id":"https:\/\/merveille-nautic.com\/newsletter\/#breadcrumb"},"inLanguage":"en-US","potentialAction":[{"@type":"ReadAction","target":["https:\/\/merveille-nautic.com\/newsletter\/"]}]},{"@type":"BreadcrumbList","@id":"https:\/\/merveille-nautic.com\/newsletter\/#breadcrumb","itemListElement":[{"@type":"ListItem","position":1,"name":"Accueil","item":"https:\/\/merveille-nautic.com\/"},{"@type":"ListItem","position":2,"name":"Newsletter"}]},{"@type":"WebSite","@id":"https:\/\/merveille-nautic.com\/#website","url":"https:\/\/merveille-nautic.com\/","name":"Merveille Nautic","description":"Bateaux Windy","potentialAction":[{"@type":"SearchAction","target":{"@type":"EntryPoint","urlTemplate":"https:\/\/merveille-nautic.com\/?s={search_term_string}"},"query-input":{"@type":"PropertyValueSpecification","valueRequired":true,"valueName":"search_term_string"}}],"inLanguage":"en-US"}]}},"_links":{"self":[{"href":"https:\/\/merveille-nautic.com\/en\/wp-json\/wp\/v2\/pages\/6605","targetHints":{"allow":["GET"]}}],"collection":[{"href":"https:\/\/merveille-nautic.com\/en\/wp-json\/wp\/v2\/pages"}],"about":[{"href":"https:\/\/merveille-nautic.com\/en\/wp-json\/wp\/v2\/types\/page"}],"author":[{"embeddable":true,"href":"https:\/\/merveille-nautic.com\/en\/wp-json\/wp\/v2\/users\/2"}],"replies":[{"embeddable":true,"href":"https:\/\/merveille-nautic.com\/en\/wp-json\/wp\/v2\/comments?post=6605"}],"version-history":[{"count":5,"href":"https:\/\/merveille-nautic.com\/en\/wp-json\/wp\/v2\/pages\/6605\/revisions"}],"predecessor-version":[{"id":6722,"href":"https:\/\/merveille-nautic.com\/en\/wp-json\/wp\/v2\/pages\/6605\/revisions\/6722"}],"wp:attachment":[{"href":"https:\/\/merveille-nautic.com\/en\/wp-json\/wp\/v2\/media?parent=6605"}],"curies":[{"name":"wp","href":"https:\/\/api.w.org\/{rel}","templated":true}]}}